{"id":1082,"date":"2021-12-23T09:57:46","date_gmt":"2021-12-23T07:57:46","guid":{"rendered":"https:\/\/laureela.ee\/toode\/jalutuskaru-turvahalli-manguasi\/"},"modified":"2021-12-23T09:57:52","modified_gmt":"2021-12-23T07:57:52","slug":"jalutuskaru-turvahalli-manguasi","status":"publish","type":"product","link":"https:\/\/www.laureela.ee\/en\/toode\/jalutuskaru-turvahalli-manguasi\/","title":{"rendered":"Jalutusk\u00e4ru turvah\u00e4lli m\u00e4nguasi"},"content":{"rendered":"<p>Pehme armas k\u00f5risti 04<\/p>\n","protected":false},"excerpt":{"rendered":"<p>Pehme armas k\u00f5risti 04<\/p>\n","protected":false},"featured_media":1090,"comment_status":"open","ping_status":"open","template":"","meta":[],"product_cat":[282],"product_tag":[],"_links":{"self":[{"href":"https:\/\/www.laureela.ee\/en\/wp-json\/wp\/v2\/product\/1082"}],"collection":[{"href":"https:\/\/www.laureela.ee\/en\/wp-json\/wp\/v2\/product"}],"about":[{"href":"https:\/\/www.laureela.ee\/en\/wp-json\/wp\/v2\/types\/product"}],"replies":[{"embeddable":true,"href":"https:\/\/www.laureela.ee\/en\/wp-json\/wp\/v2\/comments?post=1082"}],"wp:featuredmedia":[{"embeddable":true,"href":"https:\/\/www.laureela.ee\/en\/wp-json\/wp\/v2\/media\/1090"}],"wp:attachment":[{"href":"https:\/\/www.laureela.ee\/en\/wp-json\/wp\/v2\/media?parent=1082"}],"wp:term":[{"taxonomy":"product_cat","embeddable":true,"href":"https:\/\/www.laureela.ee\/en\/wp-json\/wp\/v2\/product_cat?post=1082"},{"taxonomy":"product_tag","embeddable":true,"href":"https:\/\/www.laureela.ee\/en\/wp-json\/wp\/v2\/product_tag?post=1082"}],"curies":[{"name":"wp","href":"https:\/\/api.w.org\/{rel}","templated":true}]}}