{"id":1244,"date":"2025-10-28T11:53:11","date_gmt":"2025-10-28T09:53:11","guid":{"rendered":"https:\/\/laureela.ee\/?post_type=product&#038;p=1244"},"modified":"2025-10-28T11:54:58","modified_gmt":"2025-10-28T09:54:58","slug":"kahte-moodi-kantav-sall-muts","status":"publish","type":"product","link":"https:\/\/www.laureela.ee\/en\/toode\/kahte-moodi-kantav-sall-muts\/","title":{"rendered":"Kahte moodi kantav sall m\u00fcts"},"content":{"rendered":"<p>Pehmest ja soojast materjalist m\u00fcts ning seotav kaelasall \u2013 ideaalne valik k\u00fclmadeks talvep\u00e4evadeks! Komplekt hoiab sind m\u00f5nusalt soojas ja n\u00e4eb samal ajal stiilne v\u00e4lja.<\/p>\n<p>Omadused:<br \/>\n\u2714 V\u00e4ga soe ja pehme materjal<br \/>\n\u2714 Kaelasall seotav \u2013 saad kanda endale sobival viisil<br \/>\n\u2714 Elastne ja mugav<br \/>\n\u2714 Sobib igap\u00e4evaseks kandmiseks<\/p>\n","protected":false},"excerpt":{"rendered":"<p><img decoding=\"async\" loading=\"lazy\" src=\"https:\/\/laureela.ee\/wp-content\/uploads\/2025\/10\/566629428_1812873052750406_514407695936386607_n-271x400.jpg\" alt=\"\" width=\"271\" height=\"400\" class=\"alignnone size-medium wp-image-1247\" srcset=\"https:\/\/www.laureela.ee\/wp-content\/uploads\/2025\/10\/566629428_1812873052750406_514407695936386607_n-271x400.jpg 271w, https:\/\/www.laureela.ee\/wp-content\/uploads\/2025\/10\/566629428_1812873052750406_514407695936386607_n-543x800.jpg 543w, https:\/\/www.laureela.ee\/wp-content\/uploads\/2025\/10\/566629428_1812873052750406_514407695936386607_n-768x1132.jpg 768w, https:\/\/www.laureela.ee\/wp-content\/uploads\/2025\/10\/566629428_1812873052750406_514407695936386607_n-600x885.jpg 600w, https:\/\/www.laureela.ee\/wp-content\/uploads\/2025\/10\/566629428_1812873052750406_514407695936386607_n.jpg 799w\" sizes=\"(max-width: 271px) 100vw, 271px\" \/><div style=\"width: 476px;\" class=\"wp-video\"><!--[if lt IE 9]><script>document.createElement('video');<\/script><![endif]-->\n<video class=\"wp-video-shortcode\" id=\"video-1244-1\" width=\"476\" height=\"848\" preload=\"metadata\" controls=\"controls\"><source type=\"video\/mp4\" src=\"https:\/\/laureela.ee\/wp-content\/uploads\/2025\/10\/AQO3Kywvg8r0tnSWJ5HR194A5DS2kd8RqEBX6C9ftbwdBFHREF3AXQZUJNtf2_37FJZJMTJROXfeqG1CGtXBjVpf.mp4?_=1\" \/><a href=\"https:\/\/laureela.ee\/wp-content\/uploads\/2025\/10\/AQO3Kywvg8r0tnSWJ5HR194A5DS2kd8RqEBX6C9ftbwdBFHREF3AXQZUJNtf2_37FJZJMTJROXfeqG1CGtXBjVpf.mp4\">https:\/\/laureela.ee\/wp-content\/uploads\/2025\/10\/AQO3Kywvg8r0tnSWJ5HR194A5DS2kd8RqEBX6C9ftbwdBFHREF3AXQZUJNtf2_37FJZJMTJROXfeqG1CGtXBjVpf.mp4<\/a><\/video><\/div>\n","protected":false},"featured_media":0,"comment_status":"open","ping_status":"closed","template":"","meta":[],"product_cat":[15],"product_tag":[],"_links":{"self":[{"href":"https:\/\/www.laureela.ee\/en\/wp-json\/wp\/v2\/product\/1244"}],"collection":[{"href":"https:\/\/www.laureela.ee\/en\/wp-json\/wp\/v2\/product"}],"about":[{"href":"https:\/\/www.laureela.ee\/en\/wp-json\/wp\/v2\/types\/product"}],"replies":[{"embeddable":true,"href":"https:\/\/www.laureela.ee\/en\/wp-json\/wp\/v2\/comments?post=1244"}],"wp:attachment":[{"href":"https:\/\/www.laureela.ee\/en\/wp-json\/wp\/v2\/media?parent=1244"}],"wp:term":[{"taxonomy":"product_cat","embeddable":true,"href":"https:\/\/www.laureela.ee\/en\/wp-json\/wp\/v2\/product_cat?post=1244"},{"taxonomy":"product_tag","embeddable":true,"href":"https:\/\/www.laureela.ee\/en\/wp-json\/wp\/v2\/product_tag?post=1244"}],"curies":[{"name":"wp","href":"https:\/\/api.w.org\/{rel}","templated":true}]}}