{"id":802,"date":"2021-12-23T09:57:28","date_gmt":"2021-12-23T07:57:28","guid":{"rendered":"https:\/\/laureela.ee\/toode\/3d-monusa-maheda-valgusega-oolamp\/"},"modified":"2022-07-24T19:16:57","modified_gmt":"2022-07-24T17:16:57","slug":"3d-monusa-maheda-valgusega-oolamp","status":"publish","type":"product","link":"https:\/\/www.laureela.ee\/en\/toode\/3d-monusa-maheda-valgusega-oolamp\/","title":{"rendered":"3D m\u00f5nusa maheda valgusega \u00f6\u00f6lamp"},"content":{"rendered":"<p>USB toitega, maheda valgusega \u00f6\u00f6lamp, suurus 10*18 cm<\/p>\n","protected":false},"excerpt":{"rendered":"<p>USB toitega, maheda valgusega \u00f6\u00f6lamp, suurus 10*18 cm<\/p>\n","protected":false},"featured_media":804,"comment_status":"open","ping_status":"open","template":"","meta":[],"product_cat":[287],"product_tag":[],"_links":{"self":[{"href":"https:\/\/www.laureela.ee\/en\/wp-json\/wp\/v2\/product\/802"}],"collection":[{"href":"https:\/\/www.laureela.ee\/en\/wp-json\/wp\/v2\/product"}],"about":[{"href":"https:\/\/www.laureela.ee\/en\/wp-json\/wp\/v2\/types\/product"}],"replies":[{"embeddable":true,"href":"https:\/\/www.laureela.ee\/en\/wp-json\/wp\/v2\/comments?post=802"}],"wp:featuredmedia":[{"embeddable":true,"href":"https:\/\/www.laureela.ee\/en\/wp-json\/wp\/v2\/media\/804"}],"wp:attachment":[{"href":"https:\/\/www.laureela.ee\/en\/wp-json\/wp\/v2\/media?parent=802"}],"wp:term":[{"taxonomy":"product_cat","embeddable":true,"href":"https:\/\/www.laureela.ee\/en\/wp-json\/wp\/v2\/product_cat?post=802"},{"taxonomy":"product_tag","embeddable":true,"href":"https:\/\/www.laureela.ee\/en\/wp-json\/wp\/v2\/product_tag?post=802"}],"curies":[{"name":"wp","href":"https:\/\/api.w.org\/{rel}","templated":true}]}}