{"id":840,"date":"2021-12-23T09:57:35","date_gmt":"2021-12-23T07:57:35","guid":{"rendered":"https:\/\/laureela.ee\/toode\/panda-seinakleebis\/"},"modified":"2021-12-23T09:57:39","modified_gmt":"2021-12-23T07:57:39","slug":"panda-seinakleebis","status":"publish","type":"product","link":"https:\/\/www.laureela.ee\/en\/toode\/panda-seinakleebis\/","title":{"rendered":"Panda seinakleebis"},"content":{"rendered":"<p>Armas panda s\u00f6\u00f6mas bambust. Sobib lastetoa seinakaunistuseks. Kleebise m\u00f5\u00f5dud on 30\u00d730 cm.<\/p>\n","protected":false},"excerpt":{"rendered":"<p>Armas panda s\u00f6\u00f6mas bambust. Sobib lastetoa seinakaunistuseks. Kleebise m\u00f5\u00f5dud on 30\u00d730 cm.<\/p>\n","protected":false},"featured_media":842,"comment_status":"open","ping_status":"open","template":"","meta":[],"product_cat":[282,318],"product_tag":[],"_links":{"self":[{"href":"https:\/\/www.laureela.ee\/en\/wp-json\/wp\/v2\/product\/840"}],"collection":[{"href":"https:\/\/www.laureela.ee\/en\/wp-json\/wp\/v2\/product"}],"about":[{"href":"https:\/\/www.laureela.ee\/en\/wp-json\/wp\/v2\/types\/product"}],"replies":[{"embeddable":true,"href":"https:\/\/www.laureela.ee\/en\/wp-json\/wp\/v2\/comments?post=840"}],"wp:featuredmedia":[{"embeddable":true,"href":"https:\/\/www.laureela.ee\/en\/wp-json\/wp\/v2\/media\/842"}],"wp:attachment":[{"href":"https:\/\/www.laureela.ee\/en\/wp-json\/wp\/v2\/media?parent=840"}],"wp:term":[{"taxonomy":"product_cat","embeddable":true,"href":"https:\/\/www.laureela.ee\/en\/wp-json\/wp\/v2\/product_cat?post=840"},{"taxonomy":"product_tag","embeddable":true,"href":"https:\/\/www.laureela.ee\/en\/wp-json\/wp\/v2\/product_tag?post=840"}],"curies":[{"name":"wp","href":"https:\/\/api.w.org\/{rel}","templated":true}]}}