{"id":970,"date":"2021-12-23T09:57:35","date_gmt":"2021-12-23T07:57:35","guid":{"rendered":"https:\/\/laureela.ee\/toode\/roosikaru\/"},"modified":"2021-12-23T09:57:37","modified_gmt":"2021-12-23T07:57:37","slug":"roosikaru","status":"publish","type":"product","link":"https:\/\/www.laureela.ee\/en\/toode\/roosikaru\/","title":{"rendered":"Roosikaru"},"content":{"rendered":"<p>Roosikaru v\u00f5ib olla mitte ainult unikaalne, vallatu ja lillekimpu asendav romantiline kingitus vaid ka muljet\u00e4ratav interj\u00f6\u00f6ridetail kodus. 25 cm, saab tellida erinavad v\u00e4rve<\/p>\n","protected":false},"excerpt":{"rendered":"<p>Roosikaru v\u00f5ib olla mitte ainult unikaalne, vallatu ja lillekimpu asendav romantiline kingitus vaid ka muljet\u00e4ratav interj\u00f6\u00f6ridetail kodus. 25 cm, saab tellida erinavad v\u00e4rve<\/p>\n","protected":false},"featured_media":1036,"comment_status":"open","ping_status":"open","template":"","meta":[],"product_cat":[287],"product_tag":[],"_links":{"self":[{"href":"https:\/\/www.laureela.ee\/en\/wp-json\/wp\/v2\/product\/970"}],"collection":[{"href":"https:\/\/www.laureela.ee\/en\/wp-json\/wp\/v2\/product"}],"about":[{"href":"https:\/\/www.laureela.ee\/en\/wp-json\/wp\/v2\/types\/product"}],"replies":[{"embeddable":true,"href":"https:\/\/www.laureela.ee\/en\/wp-json\/wp\/v2\/comments?post=970"}],"wp:featuredmedia":[{"embeddable":true,"href":"https:\/\/www.laureela.ee\/en\/wp-json\/wp\/v2\/media\/1036"}],"wp:attachment":[{"href":"https:\/\/www.laureela.ee\/en\/wp-json\/wp\/v2\/media?parent=970"}],"wp:term":[{"taxonomy":"product_cat","embeddable":true,"href":"https:\/\/www.laureela.ee\/en\/wp-json\/wp\/v2\/product_cat?post=970"},{"taxonomy":"product_tag","embeddable":true,"href":"https:\/\/www.laureela.ee\/en\/wp-json\/wp\/v2\/product_tag?post=970"}],"curies":[{"name":"wp","href":"https:\/\/api.w.org\/{rel}","templated":true}]}}